{"id":29074,"date":"2024-05-10T17:21:20","date_gmt":"2024-05-10T15:21:20","guid":{"rendered":"https:\/\/groupe-canopee.yellowtie.fr\/?page_id=29074"},"modified":"2024-11-28T11:16:36","modified_gmt":"2024-11-28T10:16:36","slug":"artisans-commercants-et-tpe","status":"publish","type":"page","link":"https:\/\/groupe-canopee.fr\/en\/artisans-commercants-et-tpe\/","title":{"rendered":"Artisans, Commer\u00e7ants et TPE"},"content":{"rendered":"<div data-elementor-type=\"wp-page\" data-elementor-id=\"29074\" class=\"elementor elementor-29074\" data-elementor-post-type=\"page\">\n\t\t\t\t\t\t<section class=\"elementor-section elementor-top-section elementor-element elementor-element-1f93ef9 elementor-section-height-min-height elementor-section-items-stretch elementor-section-content-middle elementor-reverse-tablet elementor-reverse-mobile elementor-section-boxed elementor-section-height-default\" data-id=\"1f93ef9\" data-element_type=\"section\" data-e-type=\"section\">\n\t\t\t\t\t\t<div class=\"elementor-container elementor-column-gap-wider\">\n\t\t\t\t\t<div class=\"elementor-column elementor-col-50 elementor-top-column elementor-element elementor-element-b6e4c3e\" data-id=\"b6e4c3e\" data-element_type=\"column\" data-e-type=\"column\">\n\t\t\t<div class=\"elementor-widget-wrap elementor-element-populated\">\n\t\t\t\t\t\t<div class=\"elementor-element elementor-element-89ae8ce elementor-widget elementor-widget-heading\" data-id=\"89ae8ce\" data-element_type=\"widget\" data-e-type=\"widget\" data-widget_type=\"heading.default\">\n\t\t\t\t<div class=\"elementor-widget-container\">\n\t\t\t\t\t<h1 class=\"elementor-heading-title elementor-size-default\">Notre expertise pour les artisans, commer\u00e7ants et TPE\n<\/h1>\t\t\t\t<\/div>\n\t\t\t\t<\/div>\n\t\t\t\t<div class=\"elementor-element elementor-element-cf30a7e elementor-widget elementor-widget-spacer\" data-id=\"cf30a7e\" data-element_type=\"widget\" data-e-type=\"widget\" data-widget_type=\"spacer.default\">\n\t\t\t\t<div class=\"elementor-widget-container\">\n\t\t\t\t\t\t\t<div class=\"elementor-spacer\">\n\t\t\t<div class=\"elementor-spacer-inner\"><\/div>\n\t\t<\/div>\n\t\t\t\t\t\t<\/div>\n\t\t\t\t<\/div>\n\t\t\t\t<div class=\"elementor-element elementor-element-b73881c elementor-widget elementor-widget-text-editor\" data-id=\"b73881c\" data-element_type=\"widget\" data-e-type=\"widget\" data-widget_type=\"text-editor.default\">\n\t\t\t\t<div class=\"elementor-widget-container\">\n\t\t\t\t\t\t\t\t\t<p>Fort de notre exp\u00e9rience, nous connaissons parfaitement les probl\u00e9matiques et les besoins qui se posent \u00e0 l\u2019entrepreneur. Tout au long de votre activit\u00e9, nos collaborateurs vous suivent pour vous conseiller et vous d\u00e9charger de toutes les t\u00e2ches administratives et r\u00e9glementaires li\u00e9 \u00e0 votre m\u00e9tier.<\/p><p>Des conseillers d\u00e9di\u00e9es \u00e0 votre secteur d\u2019activit\u00e9<em> (artisanat, commerce de d\u00e9tail, restauration, franchise, &#8230;)<\/em>\u00a0vous accompagneront pour vous apporter une expertise technique et vous conseiller dans vos choix de gestion.<\/p><p>Nos \u00e9quipes sont toujours sensibles aux \u00e9volutions de votre environnement professionnel pour vous apporter des r\u00e9ponses et des solutions \u00e0 vos probl\u00e9matiques.<\/p><p><strong>Notre objectif :<\/strong>\u00a0vous accompagner dans votre activit\u00e9 tout en prenant en compte vos aspirations de vie.<\/p>\t\t\t\t\t\t\t\t<\/div>\n\t\t\t\t<\/div>\n\t\t\t\t<div class=\"elementor-element elementor-element-10a6c3b elementor-widget elementor-widget-spacer\" data-id=\"10a6c3b\" data-element_type=\"widget\" data-e-type=\"widget\" data-widget_type=\"spacer.default\">\n\t\t\t\t<div class=\"elementor-widget-container\">\n\t\t\t\t\t\t\t<div class=\"elementor-spacer\">\n\t\t\t<div class=\"elementor-spacer-inner\"><\/div>\n\t\t<\/div>\n\t\t\t\t\t\t<\/div>\n\t\t\t\t<\/div>\n\t\t\t\t<div class=\"elementor-element elementor-element-a6981c7 elementor-widget__width-auto elementor-mobile-align-center elementor-widget-mobile__width-inherit elementor-widget elementor-widget-the7_button_widget\" data-id=\"a6981c7\" data-element_type=\"widget\" data-e-type=\"widget\" data-widget_type=\"the7_button_widget.default\">\n\t\t\t\t<div class=\"elementor-widget-container\">\n\t\t\t\t\t<div class=\"elementor-button-wrapper\"><a href=\"https:\/\/groupe-canopee.fr\/en\/contact\/\" class=\"box-button elementor-button elementor-size-lg\">Contactez-nous<svg aria-hidden=\"true\" class=\"elementor-button-icon e-font-icon-svg e-far-comments\" viewbox=\"0 0 576 512\" xmlns=\"http:\/\/www.w3.org\/2000\/svg\"><path d=\"M532 386.2c27.5-27.1 44-61.1 44-98.2 0-80-76.5-146.1-176.2-157.9C368.3 72.5 294.3 32 208 32 93.1 32 0 103.6 0 192c0 37 16.5 71 44 98.2-15.3 30.7-37.3 54.5-37.7 54.9-6.3 6.7-8.1 16.5-4.4 25 3.6 8.5 12 14 21.2 14 53.5 0 96.7-20.2 125.2-38.8 9.2 2.1 18.7 3.7 28.4 4.9C208.1 407.6 281.8 448 368 448c20.8 0 40.8-2.4 59.8-6.8C456.3 459.7 499.4 480 553 480c9.2 0 17.5-5.5 21.2-14 3.6-8.5 1.9-18.3-4.4-25-.4-.3-22.5-24.1-37.8-54.8zm-392.8-92.3L122.1 305c-14.1 9.1-28.5 16.3-43.1 21.4 2.7-4.7 5.4-9.7 8-14.8l15.5-31.1L77.7 256C64.2 242.6 48 220.7 48 192c0-60.7 73.3-112 160-112s160 51.3 160 112-73.3 112-160 112c-16.5 0-33-1.9-49-5.6l-19.8-4.5zM498.3 352l-24.7 24.4 15.5 31.1c2.6 5.1 5.3 10.1 8 14.8-14.6-5.1-29-12.3-43.1-21.4l-17.1-11.1-19.9 4.6c-16 3.7-32.5 5.6-49 5.6-54 0-102.2-20.1-131.3-49.7C338 339.5 416 272.9 416 192c0-3.4-.4-6.7-.7-10C479.7 196.5 528 238.8 528 288c0 28.7-16.2 50.6-29.7 64z\"><\/path><\/svg><\/a><\/div>\t\t\t\t<\/div>\n\t\t\t\t<\/div>\n\t\t\t\t\t<\/div>\n\t\t<\/div>\n\t\t\t\t<div class=\"elementor-column elementor-col-50 elementor-top-column elementor-element elementor-element-895864a\" data-id=\"895864a\" data-element_type=\"column\" data-e-type=\"column\">\n\t\t\t<div class=\"elementor-widget-wrap elementor-element-populated\">\n\t\t\t\t\t\t<div class=\"elementor-element elementor-element-f8992cb elementor-widget__width-initial elementor-widget-mobile__width-auto e-transform e-transform elementor-widget elementor-widget-image\" data-id=\"f8992cb\" data-element_type=\"widget\" data-e-type=\"widget\" data-settings=\"{&quot;_transform_scale_effect&quot;:{&quot;unit&quot;:&quot;px&quot;,&quot;size&quot;:0.9,&quot;sizes&quot;:[]},&quot;_transform_translateX_effect&quot;:{&quot;unit&quot;:&quot;%&quot;,&quot;size&quot;:4,&quot;sizes&quot;:[]},&quot;_transform_translateX_effect_tablet&quot;:{&quot;unit&quot;:&quot;%&quot;,&quot;size&quot;:&quot;&quot;,&quot;sizes&quot;:[]},&quot;_transform_translateX_effect_mobile&quot;:{&quot;unit&quot;:&quot;%&quot;,&quot;size&quot;:&quot;&quot;,&quot;sizes&quot;:[]},&quot;_transform_translateY_effect&quot;:{&quot;unit&quot;:&quot;px&quot;,&quot;size&quot;:&quot;&quot;,&quot;sizes&quot;:[]},&quot;_transform_translateY_effect_tablet&quot;:{&quot;unit&quot;:&quot;px&quot;,&quot;size&quot;:&quot;&quot;,&quot;sizes&quot;:[]},&quot;_transform_translateY_effect_mobile&quot;:{&quot;unit&quot;:&quot;px&quot;,&quot;size&quot;:&quot;&quot;,&quot;sizes&quot;:[]},&quot;_transform_scale_effect_tablet&quot;:{&quot;unit&quot;:&quot;px&quot;,&quot;size&quot;:&quot;&quot;,&quot;sizes&quot;:[]},&quot;_transform_scale_effect_mobile&quot;:{&quot;unit&quot;:&quot;px&quot;,&quot;size&quot;:&quot;&quot;,&quot;sizes&quot;:[]}}\" data-widget_type=\"image.default\">\n\t\t\t\t<div class=\"elementor-widget-container\">\n\t\t\t\t\t\t\t\t\t\t\t\t\t\t\t<img decoding=\"async\" src=\"https:\/\/groupe-canopee.fr\/wp-content\/uploads\/elementor\/thumbs\/artisans-commercants-tpe-scaled-qoxd63msrxwvo5583ioama0p8p3erk4b7jxl4xnyts.jpg\" title=\"artisans-commercants-tpe\" alt=\"artisans-commercants-tpe\" loading=\"lazy\" \/>\t\t\t\t\t\t\t\t\t\t\t\t\t\t\t<\/div>\n\t\t\t\t<\/div>\n\t\t\t\t<div class=\"elementor-element elementor-element-0e7000f elementor-widget__width-initial elementor-widget-mobile__width-auto elementor-absolute e-transform e-transform elementor-widget elementor-widget-image\" data-id=\"0e7000f\" data-element_type=\"widget\" data-e-type=\"widget\" data-settings=\"{&quot;_position&quot;:&quot;absolute&quot;,&quot;_transform_translateX_effect&quot;:{&quot;unit&quot;:&quot;%&quot;,&quot;size&quot;:-20,&quot;sizes&quot;:[]},&quot;_transform_translateX_effect_tablet&quot;:{&quot;unit&quot;:&quot;%&quot;,&quot;size&quot;:&quot;&quot;,&quot;sizes&quot;:[]},&quot;_transform_translateX_effect_mobile&quot;:{&quot;unit&quot;:&quot;%&quot;,&quot;size&quot;:&quot;&quot;,&quot;sizes&quot;:[]},&quot;_transform_translateY_effect&quot;:{&quot;unit&quot;:&quot;%&quot;,&quot;size&quot;:-11,&quot;sizes&quot;:[]},&quot;_transform_translateY_effect_tablet&quot;:{&quot;unit&quot;:&quot;%&quot;,&quot;size&quot;:&quot;&quot;,&quot;sizes&quot;:[]},&quot;_transform_translateY_effect_mobile&quot;:{&quot;unit&quot;:&quot;%&quot;,&quot;size&quot;:&quot;&quot;,&quot;sizes&quot;:[]},&quot;_transform_scale_effect&quot;:{&quot;unit&quot;:&quot;px&quot;,&quot;size&quot;:0.6,&quot;sizes&quot;:[]},&quot;_transform_scale_effect_tablet&quot;:{&quot;unit&quot;:&quot;px&quot;,&quot;size&quot;:&quot;&quot;,&quot;sizes&quot;:[]},&quot;_transform_scale_effect_mobile&quot;:{&quot;unit&quot;:&quot;px&quot;,&quot;size&quot;:&quot;&quot;,&quot;sizes&quot;:[]}}\" data-widget_type=\"image.default\">\n\t\t\t\t<div class=\"elementor-widget-container\">\n\t\t\t\t\t\t\t\t\t\t\t\t\t\t\t<img decoding=\"async\" src=\"https:\/\/groupe-canopee.fr\/wp-content\/uploads\/2024\/05\/img2.svg\" title=\"img2\" alt=\"img2\" loading=\"lazy\" \/>\t\t\t\t\t\t\t\t\t\t\t\t\t\t\t<\/div>\n\t\t\t\t<\/div>\n\t\t\t\t<div class=\"elementor-element elementor-element-5843075 elementor-widget__width-initial elementor-widget-mobile__width-auto elementor-absolute e-transform e-transform elementor-widget elementor-widget-image\" data-id=\"5843075\" data-element_type=\"widget\" data-e-type=\"widget\" data-settings=\"{&quot;_position&quot;:&quot;absolute&quot;,&quot;_transform_translateX_effect&quot;:{&quot;unit&quot;:&quot;%&quot;,&quot;size&quot;:33,&quot;sizes&quot;:[]},&quot;_transform_translateX_effect_tablet&quot;:{&quot;unit&quot;:&quot;%&quot;,&quot;size&quot;:&quot;&quot;,&quot;sizes&quot;:[]},&quot;_transform_translateX_effect_mobile&quot;:{&quot;unit&quot;:&quot;%&quot;,&quot;size&quot;:&quot;&quot;,&quot;sizes&quot;:[]},&quot;_transform_translateY_effect&quot;:{&quot;unit&quot;:&quot;%&quot;,&quot;size&quot;:18,&quot;sizes&quot;:[]},&quot;_transform_translateY_effect_tablet&quot;:{&quot;unit&quot;:&quot;%&quot;,&quot;size&quot;:&quot;&quot;,&quot;sizes&quot;:[]},&quot;_transform_translateY_effect_mobile&quot;:{&quot;unit&quot;:&quot;%&quot;,&quot;size&quot;:&quot;&quot;,&quot;sizes&quot;:[]},&quot;_transform_scale_effect&quot;:{&quot;unit&quot;:&quot;px&quot;,&quot;size&quot;:0.33,&quot;sizes&quot;:[]},&quot;_transform_scale_effect_tablet&quot;:{&quot;unit&quot;:&quot;px&quot;,&quot;size&quot;:&quot;&quot;,&quot;sizes&quot;:[]},&quot;_transform_scale_effect_mobile&quot;:{&quot;unit&quot;:&quot;px&quot;,&quot;size&quot;:&quot;&quot;,&quot;sizes&quot;:[]}}\" data-widget_type=\"image.default\">\n\t\t\t\t<div class=\"elementor-widget-container\">\n\t\t\t\t\t\t\t\t\t\t\t\t\t\t\t<img decoding=\"async\" src=\"https:\/\/groupe-canopee.fr\/wp-content\/uploads\/2024\/05\/img1.svg\" title=\"img1\" alt=\"img1\" loading=\"lazy\" \/>\t\t\t\t\t\t\t\t\t\t\t\t\t\t\t<\/div>\n\t\t\t\t<\/div>\n\t\t\t\t\t<\/div>\n\t\t<\/div>\n\t\t\t\t\t<\/div>\n\t\t<\/section>\n\t\t\t\t<\/div>","protected":false},"excerpt":{"rendered":"<p>Notre expertise pour les artisans, commer\u00e7ants et TPE Fort de notre exp\u00e9rience, nous connaissons parfaitement les probl\u00e9matiques et les besoins qui se posent \u00e0 l\u2019entrepreneur. Tout au long de votre activit\u00e9, nos collaborateurs vous suivent pour vous conseiller et vous d\u00e9charger de toutes les t\u00e2ches administratives et r\u00e9glementaires li\u00e9 \u00e0 votre m\u00e9tier. Des conseillers d\u00e9di\u00e9es&hellip;<\/p>","protected":false},"author":1,"featured_media":29924,"parent":0,"menu_order":4,"comment_status":"closed","ping_status":"closed","template":"","meta":{"footnotes":""},"class_list":["post-29074","page","type-page","status-publish","has-post-thumbnail","hentry"],"yoast_head":"<!-- This site is optimized with the Yoast SEO plugin v27.6 - https:\/\/yoast.com\/product\/yoast-seo-wordpress\/ -->\n<title>Artisans et TPE : Expertise Comptable sur Mesure - Groupe Canop\u00e9e<\/title>\n<meta name=\"description\" content=\"D\u00e9couvrez les solutions personnalis\u00e9es de Groupe Canop\u00e9e pour artisans, commer\u00e7ants et TPE : gestion comptable, conseils fiscaux, accompagnement administratif et strat\u00e9gique \u00e0 Lyon.\" \/>\n<meta name=\"robots\" content=\"index, follow, max-snippet:-1, max-image-preview:large, max-video-preview:-1\" \/>\n<link rel=\"canonical\" href=\"https:\/\/groupe-canopee.fr\/en\/artisans-commercants-et-tpe\/\" \/>\n<meta property=\"og:locale\" content=\"en_GB\" \/>\n<meta property=\"og:type\" content=\"article\" \/>\n<meta property=\"og:title\" content=\"Artisans et TPE : Expertise Comptable sur Mesure - Groupe Canop\u00e9e\" \/>\n<meta property=\"og:description\" content=\"D\u00e9couvrez les solutions personnalis\u00e9es de Groupe Canop\u00e9e pour artisans, commer\u00e7ants et TPE : gestion comptable, conseils fiscaux, accompagnement administratif et strat\u00e9gique \u00e0 Lyon.\" \/>\n<meta property=\"og:url\" content=\"https:\/\/groupe-canopee.fr\/en\/artisans-commercants-et-tpe\/\" \/>\n<meta property=\"og:site_name\" content=\"Groupe Canop\u00e9e\" \/>\n<meta property=\"article:modified_time\" content=\"2024-11-28T10:16:36+00:00\" \/>\n<meta property=\"og:image\" content=\"https:\/\/groupe-canopee.fr\/wp-content\/uploads\/2024\/05\/artisans-commercants-tpe-scaled.jpg\" \/>\n\t<meta property=\"og:image:width\" content=\"2560\" \/>\n\t<meta property=\"og:image:height\" content=\"1707\" \/>\n\t<meta property=\"og:image:type\" content=\"image\/jpeg\" \/>\n<meta name=\"twitter:card\" content=\"summary_large_image\" \/>\n<meta name=\"twitter:label1\" content=\"Estimated reading time\" \/>\n\t<meta name=\"twitter:data1\" content=\"2 minutes\" \/>\n<script type=\"application\/ld+json\" class=\"yoast-schema-graph\">{\"@context\":\"https:\\\/\\\/schema.org\",\"@graph\":[{\"@type\":\"WebPage\",\"@id\":\"https:\\\/\\\/groupe-canopee.fr\\\/artisans-commercants-et-tpe\\\/\",\"url\":\"https:\\\/\\\/groupe-canopee.fr\\\/artisans-commercants-et-tpe\\\/\",\"name\":\"Artisans et TPE : Expertise Comptable sur Mesure - Groupe Canop\u00e9e\",\"isPartOf\":{\"@id\":\"https:\\\/\\\/groupe-canopee.fr\\\/#website\"},\"primaryImageOfPage\":{\"@id\":\"https:\\\/\\\/groupe-canopee.fr\\\/artisans-commercants-et-tpe\\\/#primaryimage\"},\"image\":{\"@id\":\"https:\\\/\\\/groupe-canopee.fr\\\/artisans-commercants-et-tpe\\\/#primaryimage\"},\"thumbnailUrl\":\"https:\\\/\\\/groupe-canopee.fr\\\/wp-content\\\/uploads\\\/2024\\\/05\\\/artisans-commercants-tpe-scaled.jpg\",\"datePublished\":\"2024-05-10T15:21:20+00:00\",\"dateModified\":\"2024-11-28T10:16:36+00:00\",\"description\":\"D\u00e9couvrez les solutions personnalis\u00e9es de Groupe Canop\u00e9e pour artisans, commer\u00e7ants et TPE : gestion comptable, conseils fiscaux, accompagnement administratif et strat\u00e9gique \u00e0 Lyon.\",\"breadcrumb\":{\"@id\":\"https:\\\/\\\/groupe-canopee.fr\\\/artisans-commercants-et-tpe\\\/#breadcrumb\"},\"inLanguage\":\"en-GB\",\"potentialAction\":[{\"@type\":\"ReadAction\",\"target\":[\"https:\\\/\\\/groupe-canopee.fr\\\/artisans-commercants-et-tpe\\\/\"]}]},{\"@type\":\"ImageObject\",\"inLanguage\":\"en-GB\",\"@id\":\"https:\\\/\\\/groupe-canopee.fr\\\/artisans-commercants-et-tpe\\\/#primaryimage\",\"url\":\"https:\\\/\\\/groupe-canopee.fr\\\/wp-content\\\/uploads\\\/2024\\\/05\\\/artisans-commercants-tpe-scaled.jpg\",\"contentUrl\":\"https:\\\/\\\/groupe-canopee.fr\\\/wp-content\\\/uploads\\\/2024\\\/05\\\/artisans-commercants-tpe-scaled.jpg\",\"width\":2560,\"height\":1707},{\"@type\":\"BreadcrumbList\",\"@id\":\"https:\\\/\\\/groupe-canopee.fr\\\/artisans-commercants-et-tpe\\\/#breadcrumb\",\"itemListElement\":[{\"@type\":\"ListItem\",\"position\":1,\"name\":\"Accueil\",\"item\":\"https:\\\/\\\/groupe-canopee.fr\\\/\"},{\"@type\":\"ListItem\",\"position\":2,\"name\":\"Artisans, Commer\u00e7ants et TPE\"}]},{\"@type\":\"WebSite\",\"@id\":\"https:\\\/\\\/groupe-canopee.fr\\\/#website\",\"url\":\"https:\\\/\\\/groupe-canopee.fr\\\/\",\"name\":\"Groupe Canop\u00e9e\",\"description\":\"Expertise comptable &amp; conseil\",\"publisher\":{\"@id\":\"https:\\\/\\\/groupe-canopee.fr\\\/#organization\"},\"potentialAction\":[{\"@type\":\"SearchAction\",\"target\":{\"@type\":\"EntryPoint\",\"urlTemplate\":\"https:\\\/\\\/groupe-canopee.fr\\\/?s={search_term_string}\"},\"query-input\":{\"@type\":\"PropertyValueSpecification\",\"valueRequired\":true,\"valueName\":\"search_term_string\"}}],\"inLanguage\":\"en-GB\"},{\"@type\":\"Organization\",\"@id\":\"https:\\\/\\\/groupe-canopee.fr\\\/#organization\",\"name\":\"Groupe Canop\u00e9e\",\"url\":\"https:\\\/\\\/groupe-canopee.fr\\\/\",\"logo\":{\"@type\":\"ImageObject\",\"inLanguage\":\"en-GB\",\"@id\":\"https:\\\/\\\/groupe-canopee.fr\\\/#\\\/schema\\\/logo\\\/image\\\/\",\"url\":\"https:\\\/\\\/groupe-canopee.fr\\\/wp-content\\\/uploads\\\/2024\\\/11\\\/canopee-seule-696.jpg\",\"contentUrl\":\"https:\\\/\\\/groupe-canopee.fr\\\/wp-content\\\/uploads\\\/2024\\\/11\\\/canopee-seule-696.jpg\",\"width\":696,\"height\":696,\"caption\":\"Groupe Canop\u00e9e\"},\"image\":{\"@id\":\"https:\\\/\\\/groupe-canopee.fr\\\/#\\\/schema\\\/logo\\\/image\\\/\"},\"sameAs\":[\"https:\\\/\\\/fr.linkedin.com\\\/company\\\/canope-groupe\"]}]}<\/script>\n<!-- \/ Yoast SEO plugin. -->","yoast_head_json":{"title":"Artisans et TPE : Expertise Comptable sur Mesure - Groupe Canop\u00e9e","description":"D\u00e9couvrez les solutions personnalis\u00e9es de Groupe Canop\u00e9e pour artisans, commer\u00e7ants et TPE : gestion comptable, conseils fiscaux, accompagnement administratif et strat\u00e9gique \u00e0 Lyon.","robots":{"index":"index","follow":"follow","max-snippet":"max-snippet:-1","max-image-preview":"max-image-preview:large","max-video-preview":"max-video-preview:-1"},"canonical":"https:\/\/groupe-canopee.fr\/en\/artisans-commercants-et-tpe\/","og_locale":"en_GB","og_type":"article","og_title":"Artisans et TPE : Expertise Comptable sur Mesure - Groupe Canop\u00e9e","og_description":"D\u00e9couvrez les solutions personnalis\u00e9es de Groupe Canop\u00e9e pour artisans, commer\u00e7ants et TPE : gestion comptable, conseils fiscaux, accompagnement administratif et strat\u00e9gique \u00e0 Lyon.","og_url":"https:\/\/groupe-canopee.fr\/en\/artisans-commercants-et-tpe\/","og_site_name":"Groupe Canop\u00e9e","article_modified_time":"2024-11-28T10:16:36+00:00","og_image":[{"width":2560,"height":1707,"url":"https:\/\/groupe-canopee.fr\/wp-content\/uploads\/2024\/05\/artisans-commercants-tpe-scaled.jpg","type":"image\/jpeg"}],"twitter_card":"summary_large_image","twitter_misc":{"Estimated reading time":"2 minutes"},"schema":{"@context":"https:\/\/schema.org","@graph":[{"@type":"WebPage","@id":"https:\/\/groupe-canopee.fr\/artisans-commercants-et-tpe\/","url":"https:\/\/groupe-canopee.fr\/artisans-commercants-et-tpe\/","name":"Artisans et TPE : Expertise Comptable sur Mesure - Groupe Canop\u00e9e","isPartOf":{"@id":"https:\/\/groupe-canopee.fr\/#website"},"primaryImageOfPage":{"@id":"https:\/\/groupe-canopee.fr\/artisans-commercants-et-tpe\/#primaryimage"},"image":{"@id":"https:\/\/groupe-canopee.fr\/artisans-commercants-et-tpe\/#primaryimage"},"thumbnailUrl":"https:\/\/groupe-canopee.fr\/wp-content\/uploads\/2024\/05\/artisans-commercants-tpe-scaled.jpg","datePublished":"2024-05-10T15:21:20+00:00","dateModified":"2024-11-28T10:16:36+00:00","description":"D\u00e9couvrez les solutions personnalis\u00e9es de Groupe Canop\u00e9e pour artisans, commer\u00e7ants et TPE : gestion comptable, conseils fiscaux, accompagnement administratif et strat\u00e9gique \u00e0 Lyon.","breadcrumb":{"@id":"https:\/\/groupe-canopee.fr\/artisans-commercants-et-tpe\/#breadcrumb"},"inLanguage":"en-GB","potentialAction":[{"@type":"ReadAction","target":["https:\/\/groupe-canopee.fr\/artisans-commercants-et-tpe\/"]}]},{"@type":"ImageObject","inLanguage":"en-GB","@id":"https:\/\/groupe-canopee.fr\/artisans-commercants-et-tpe\/#primaryimage","url":"https:\/\/groupe-canopee.fr\/wp-content\/uploads\/2024\/05\/artisans-commercants-tpe-scaled.jpg","contentUrl":"https:\/\/groupe-canopee.fr\/wp-content\/uploads\/2024\/05\/artisans-commercants-tpe-scaled.jpg","width":2560,"height":1707},{"@type":"BreadcrumbList","@id":"https:\/\/groupe-canopee.fr\/artisans-commercants-et-tpe\/#breadcrumb","itemListElement":[{"@type":"ListItem","position":1,"name":"Accueil","item":"https:\/\/groupe-canopee.fr\/"},{"@type":"ListItem","position":2,"name":"Artisans, Commer\u00e7ants et TPE"}]},{"@type":"WebSite","@id":"https:\/\/groupe-canopee.fr\/#website","url":"https:\/\/groupe-canopee.fr\/","name":"Groupe Canop\u00e9e","description":"Expertise comptable &amp; conseil","publisher":{"@id":"https:\/\/groupe-canopee.fr\/#organization"},"potentialAction":[{"@type":"SearchAction","target":{"@type":"EntryPoint","urlTemplate":"https:\/\/groupe-canopee.fr\/?s={search_term_string}"},"query-input":{"@type":"PropertyValueSpecification","valueRequired":true,"valueName":"search_term_string"}}],"inLanguage":"en-GB"},{"@type":"Organization","@id":"https:\/\/groupe-canopee.fr\/#organization","name":"Groupe Canop\u00e9e","url":"https:\/\/groupe-canopee.fr\/","logo":{"@type":"ImageObject","inLanguage":"en-GB","@id":"https:\/\/groupe-canopee.fr\/#\/schema\/logo\/image\/","url":"https:\/\/groupe-canopee.fr\/wp-content\/uploads\/2024\/11\/canopee-seule-696.jpg","contentUrl":"https:\/\/groupe-canopee.fr\/wp-content\/uploads\/2024\/11\/canopee-seule-696.jpg","width":696,"height":696,"caption":"Groupe Canop\u00e9e"},"image":{"@id":"https:\/\/groupe-canopee.fr\/#\/schema\/logo\/image\/"},"sameAs":["https:\/\/fr.linkedin.com\/company\/canope-groupe"]}]}},"_links":{"self":[{"href":"https:\/\/groupe-canopee.fr\/en\/wp-json\/wp\/v2\/pages\/29074","targetHints":{"allow":["GET"]}}],"collection":[{"href":"https:\/\/groupe-canopee.fr\/en\/wp-json\/wp\/v2\/pages"}],"about":[{"href":"https:\/\/groupe-canopee.fr\/en\/wp-json\/wp\/v2\/types\/page"}],"author":[{"embeddable":true,"href":"https:\/\/groupe-canopee.fr\/en\/wp-json\/wp\/v2\/users\/1"}],"replies":[{"embeddable":true,"href":"https:\/\/groupe-canopee.fr\/en\/wp-json\/wp\/v2\/comments?post=29074"}],"version-history":[{"count":1,"href":"https:\/\/groupe-canopee.fr\/en\/wp-json\/wp\/v2\/pages\/29074\/revisions"}],"predecessor-version":[{"id":31501,"href":"https:\/\/groupe-canopee.fr\/en\/wp-json\/wp\/v2\/pages\/29074\/revisions\/31501"}],"wp:featuredmedia":[{"embeddable":true,"href":"https:\/\/groupe-canopee.fr\/en\/wp-json\/wp\/v2\/media\/29924"}],"wp:attachment":[{"href":"https:\/\/groupe-canopee.fr\/en\/wp-json\/wp\/v2\/media?parent=29074"}],"curies":[{"name":"wp","href":"https:\/\/api.w.org\/{rel}","templated":true}]}}