{"id":29084,"date":"2024-05-10T17:25:19","date_gmt":"2024-05-10T15:25:19","guid":{"rendered":"https:\/\/groupe-canopee.yellowtie.fr\/?page_id=29084"},"modified":"2024-11-29T15:08:56","modified_gmt":"2024-11-29T14:08:56","slug":"transmission-dentreprise","status":"publish","type":"page","link":"https:\/\/groupe-canopee.fr\/en\/transmission-dentreprise\/","title":{"rendered":"Transmission d\u2019Entreprise"},"content":{"rendered":"<div data-elementor-type=\"wp-page\" data-elementor-id=\"29084\" class=\"elementor elementor-29084\" data-elementor-post-type=\"page\">\n\t\t\t\t\t\t<section class=\"elementor-section elementor-top-section elementor-element elementor-element-1f93ef9 elementor-section-height-min-height elementor-section-items-stretch elementor-section-content-middle elementor-reverse-tablet elementor-reverse-mobile elementor-section-boxed elementor-section-height-default\" data-id=\"1f93ef9\" data-element_type=\"section\" data-e-type=\"section\">\n\t\t\t\t\t\t<div class=\"elementor-container elementor-column-gap-wider\">\n\t\t\t\t\t<div class=\"elementor-column elementor-col-50 elementor-top-column elementor-element elementor-element-b6e4c3e\" data-id=\"b6e4c3e\" data-element_type=\"column\" data-e-type=\"column\">\n\t\t\t<div class=\"elementor-widget-wrap elementor-element-populated\">\n\t\t\t\t\t\t<div class=\"elementor-element elementor-element-89ae8ce elementor-widget elementor-widget-heading\" data-id=\"89ae8ce\" data-element_type=\"widget\" data-e-type=\"widget\" data-widget_type=\"heading.default\">\n\t\t\t\t<div class=\"elementor-widget-container\">\n\t\t\t\t\t<h1 class=\"elementor-heading-title elementor-size-default\">Notre expertise pour la transmission d\u2019entreprise\n<\/h1>\t\t\t\t<\/div>\n\t\t\t\t<\/div>\n\t\t\t\t<div class=\"elementor-element elementor-element-cf30a7e elementor-widget elementor-widget-spacer\" data-id=\"cf30a7e\" data-element_type=\"widget\" data-e-type=\"widget\" data-widget_type=\"spacer.default\">\n\t\t\t\t<div class=\"elementor-widget-container\">\n\t\t\t\t\t\t\t<div class=\"elementor-spacer\">\n\t\t\t<div class=\"elementor-spacer-inner\"><\/div>\n\t\t<\/div>\n\t\t\t\t\t\t<\/div>\n\t\t\t\t<\/div>\n\t\t\t\t<div class=\"elementor-element elementor-element-b73881c elementor-widget elementor-widget-text-editor\" data-id=\"b73881c\" data-element_type=\"widget\" data-e-type=\"widget\" data-widget_type=\"text-editor.default\">\n\t\t\t\t<div class=\"elementor-widget-container\">\n\t\t\t\t\t\t\t\t\t<div class=\"block-content block-content-medium\"><div class=\"block-rte\"><p>C\u00e9der son entreprise ne s\u2019improvise pas. D\u2019autant que ce changement aura des cons\u00e9quences sur votre patrimoine et vos revenus.<\/p><p>Sp\u00e9cialistes de l\u2019entreprise et du tissu \u00e9conomique local, nos experts vous aident \u00e0 pr\u00e9parer la vente et \u00e0 trouver le bon repreneur pour s\u00e9curiser votre projet.<\/p><\/div><\/div>\t\t\t\t\t\t\t\t<\/div>\n\t\t\t\t<\/div>\n\t\t\t\t<div class=\"elementor-element elementor-element-e902e52 elementor-widget elementor-widget-spacer\" data-id=\"e902e52\" data-element_type=\"widget\" data-e-type=\"widget\" data-widget_type=\"spacer.default\">\n\t\t\t\t<div class=\"elementor-widget-container\">\n\t\t\t\t\t\t\t<div class=\"elementor-spacer\">\n\t\t\t<div class=\"elementor-spacer-inner\"><\/div>\n\t\t<\/div>\n\t\t\t\t\t\t<\/div>\n\t\t\t\t<\/div>\n\t\t\t\t<div class=\"elementor-element elementor-element-4e786a6 elementor-widget__width-auto elementor-mobile-align-center elementor-widget-mobile__width-inherit elementor-widget elementor-widget-the7_button_widget\" data-id=\"4e786a6\" data-element_type=\"widget\" data-e-type=\"widget\" data-widget_type=\"the7_button_widget.default\">\n\t\t\t\t<div class=\"elementor-widget-container\">\n\t\t\t\t\t<div class=\"elementor-button-wrapper\"><a href=\"https:\/\/groupe-canopee.fr\/en\/contact\/\" id=\"#intervention\" class=\"box-button elementor-button elementor-size-lg\">Contactez-nous<svg aria-hidden=\"true\" class=\"elementor-button-icon e-font-icon-svg e-far-comments\" viewbox=\"0 0 576 512\" xmlns=\"http:\/\/www.w3.org\/2000\/svg\"><path d=\"M532 386.2c27.5-27.1 44-61.1 44-98.2 0-80-76.5-146.1-176.2-157.9C368.3 72.5 294.3 32 208 32 93.1 32 0 103.6 0 192c0 37 16.5 71 44 98.2-15.3 30.7-37.3 54.5-37.7 54.9-6.3 6.7-8.1 16.5-4.4 25 3.6 8.5 12 14 21.2 14 53.5 0 96.7-20.2 125.2-38.8 9.2 2.1 18.7 3.7 28.4 4.9C208.1 407.6 281.8 448 368 448c20.8 0 40.8-2.4 59.8-6.8C456.3 459.7 499.4 480 553 480c9.2 0 17.5-5.5 21.2-14 3.6-8.5 1.9-18.3-4.4-25-.4-.3-22.5-24.1-37.8-54.8zm-392.8-92.3L122.1 305c-14.1 9.1-28.5 16.3-43.1 21.4 2.7-4.7 5.4-9.7 8-14.8l15.5-31.1L77.7 256C64.2 242.6 48 220.7 48 192c0-60.7 73.3-112 160-112s160 51.3 160 112-73.3 112-160 112c-16.5 0-33-1.9-49-5.6l-19.8-4.5zM498.3 352l-24.7 24.4 15.5 31.1c2.6 5.1 5.3 10.1 8 14.8-14.6-5.1-29-12.3-43.1-21.4l-17.1-11.1-19.9 4.6c-16 3.7-32.5 5.6-49 5.6-54 0-102.2-20.1-131.3-49.7C338 339.5 416 272.9 416 192c0-3.4-.4-6.7-.7-10C479.7 196.5 528 238.8 528 288c0 28.7-16.2 50.6-29.7 64z\"><\/path><\/svg><\/a><\/div>\t\t\t\t<\/div>\n\t\t\t\t<\/div>\n\t\t\t\t\t<\/div>\n\t\t<\/div>\n\t\t\t\t<div class=\"elementor-column elementor-col-50 elementor-top-column elementor-element elementor-element-c8267a5\" data-id=\"c8267a5\" data-element_type=\"column\" data-e-type=\"column\">\n\t\t\t<div class=\"elementor-widget-wrap elementor-element-populated\">\n\t\t\t\t\t\t<div class=\"elementor-element elementor-element-9c42d63 elementor-widget elementor-widget-image\" data-id=\"9c42d63\" data-element_type=\"widget\" data-e-type=\"widget\" data-widget_type=\"image.default\">\n\t\t\t\t<div class=\"elementor-widget-container\">\n\t\t\t\t\t\t\t\t\t\t\t\t\t\t\t<img fetchpriority=\"high\" decoding=\"async\" width=\"654\" height=\"588\" src=\"https:\/\/groupe-canopee.fr\/wp-content\/uploads\/2024\/11\/transmission-entreprise.jpg\" class=\"attachment-large size-large wp-image-31328\" alt=\"\" srcset=\"https:\/\/groupe-canopee.fr\/wp-content\/uploads\/2024\/11\/transmission-entreprise.jpg 654w, https:\/\/groupe-canopee.fr\/wp-content\/uploads\/2024\/11\/transmission-entreprise-300x270.jpg 300w, https:\/\/groupe-canopee.fr\/wp-content\/uploads\/2024\/11\/transmission-entreprise-13x12.jpg 13w\" sizes=\"(max-width: 654px) 100vw, 654px\" \/>\t\t\t\t\t\t\t\t\t\t\t\t\t\t\t<\/div>\n\t\t\t\t<\/div>\n\t\t\t\t\t<\/div>\n\t\t<\/div>\n\t\t\t\t\t<\/div>\n\t\t<\/section>\n\t\t\t\t<\/div>","protected":false},"excerpt":{"rendered":"<p>Notre expertise pour la transmission d\u2019entreprise C\u00e9der son entreprise ne s\u2019improvise pas. D\u2019autant que ce changement aura des cons\u00e9quences sur votre patrimoine et vos revenus. Sp\u00e9cialistes de l\u2019entreprise et du tissu \u00e9conomique local, nos experts vous aident \u00e0 pr\u00e9parer la vente et \u00e0 trouver le bon repreneur pour s\u00e9curiser votre projet. Contactez-nous<\/p>","protected":false},"author":1,"featured_media":31328,"parent":0,"menu_order":4,"comment_status":"closed","ping_status":"closed","template":"","meta":{"footnotes":""},"class_list":["post-29084","page","type-page","status-publish","has-post-thumbnail","hentry"],"yoast_head":"<!-- This site is optimized with the Yoast SEO plugin v27.5 - https:\/\/yoast.com\/product\/yoast-seo-wordpress\/ -->\n<title>Transmission d\u2019entreprise : accompagnement et conseil - Groupe Canop\u00e9e<\/title>\n<meta name=\"description\" content=\"Groupe Canop\u00e9e vous aide \u00e0 pr\u00e9parer la vente de votre entreprise en s\u00e9curisant la transmission. Nos experts vous accompagnent dans la recherche de repreneur, l&#039;audit et la gestion des impacts fiscaux et patrimoniaux.\" \/>\n<meta name=\"robots\" content=\"index, follow, max-snippet:-1, max-image-preview:large, max-video-preview:-1\" \/>\n<link rel=\"canonical\" href=\"https:\/\/groupe-canopee.fr\/en\/transmission-dentreprise\/\" \/>\n<meta property=\"og:locale\" content=\"en_GB\" \/>\n<meta property=\"og:type\" content=\"article\" \/>\n<meta property=\"og:title\" content=\"Transmission d\u2019entreprise : accompagnement et conseil - Groupe Canop\u00e9e\" \/>\n<meta property=\"og:description\" content=\"Groupe Canop\u00e9e vous aide \u00e0 pr\u00e9parer la vente de votre entreprise en s\u00e9curisant la transmission. Nos experts vous accompagnent dans la recherche de repreneur, l&#039;audit et la gestion des impacts fiscaux et patrimoniaux.\" \/>\n<meta property=\"og:url\" content=\"https:\/\/groupe-canopee.fr\/en\/transmission-dentreprise\/\" \/>\n<meta property=\"og:site_name\" content=\"Groupe Canop\u00e9e\" \/>\n<meta property=\"article:modified_time\" content=\"2024-11-29T14:08:56+00:00\" \/>\n<meta property=\"og:image\" content=\"https:\/\/groupe-canopee.fr\/wp-content\/uploads\/2024\/11\/transmission-entreprise.jpg\" \/>\n\t<meta property=\"og:image:width\" content=\"654\" \/>\n\t<meta property=\"og:image:height\" content=\"588\" \/>\n\t<meta property=\"og:image:type\" content=\"image\/jpeg\" \/>\n<meta name=\"twitter:card\" content=\"summary_large_image\" \/>\n<meta name=\"twitter:label1\" content=\"Estimated reading time\" \/>\n\t<meta name=\"twitter:data1\" content=\"1 minute\" \/>\n<script type=\"application\/ld+json\" class=\"yoast-schema-graph\">{\"@context\":\"https:\\\/\\\/schema.org\",\"@graph\":[{\"@type\":\"WebPage\",\"@id\":\"https:\\\/\\\/groupe-canopee.fr\\\/transmission-dentreprise\\\/\",\"url\":\"https:\\\/\\\/groupe-canopee.fr\\\/transmission-dentreprise\\\/\",\"name\":\"Transmission d\u2019entreprise : accompagnement et conseil - Groupe Canop\u00e9e\",\"isPartOf\":{\"@id\":\"https:\\\/\\\/groupe-canopee.fr\\\/#website\"},\"primaryImageOfPage\":{\"@id\":\"https:\\\/\\\/groupe-canopee.fr\\\/transmission-dentreprise\\\/#primaryimage\"},\"image\":{\"@id\":\"https:\\\/\\\/groupe-canopee.fr\\\/transmission-dentreprise\\\/#primaryimage\"},\"thumbnailUrl\":\"https:\\\/\\\/groupe-canopee.fr\\\/wp-content\\\/uploads\\\/2024\\\/11\\\/transmission-entreprise.jpg\",\"datePublished\":\"2024-05-10T15:25:19+00:00\",\"dateModified\":\"2024-11-29T14:08:56+00:00\",\"description\":\"Groupe Canop\u00e9e vous aide \u00e0 pr\u00e9parer la vente de votre entreprise en s\u00e9curisant la transmission. Nos experts vous accompagnent dans la recherche de repreneur, l'audit et la gestion des impacts fiscaux et patrimoniaux.\",\"breadcrumb\":{\"@id\":\"https:\\\/\\\/groupe-canopee.fr\\\/transmission-dentreprise\\\/#breadcrumb\"},\"inLanguage\":\"en-GB\",\"potentialAction\":[{\"@type\":\"ReadAction\",\"target\":[\"https:\\\/\\\/groupe-canopee.fr\\\/transmission-dentreprise\\\/\"]}]},{\"@type\":\"ImageObject\",\"inLanguage\":\"en-GB\",\"@id\":\"https:\\\/\\\/groupe-canopee.fr\\\/transmission-dentreprise\\\/#primaryimage\",\"url\":\"https:\\\/\\\/groupe-canopee.fr\\\/wp-content\\\/uploads\\\/2024\\\/11\\\/transmission-entreprise.jpg\",\"contentUrl\":\"https:\\\/\\\/groupe-canopee.fr\\\/wp-content\\\/uploads\\\/2024\\\/11\\\/transmission-entreprise.jpg\",\"width\":654,\"height\":588},{\"@type\":\"BreadcrumbList\",\"@id\":\"https:\\\/\\\/groupe-canopee.fr\\\/transmission-dentreprise\\\/#breadcrumb\",\"itemListElement\":[{\"@type\":\"ListItem\",\"position\":1,\"name\":\"Accueil\",\"item\":\"https:\\\/\\\/groupe-canopee.fr\\\/\"},{\"@type\":\"ListItem\",\"position\":2,\"name\":\"Transmission d\u2019Entreprise\"}]},{\"@type\":\"WebSite\",\"@id\":\"https:\\\/\\\/groupe-canopee.fr\\\/#website\",\"url\":\"https:\\\/\\\/groupe-canopee.fr\\\/\",\"name\":\"Groupe Canop\u00e9e\",\"description\":\"Expertise comptable &amp; conseil\",\"publisher\":{\"@id\":\"https:\\\/\\\/groupe-canopee.fr\\\/#organization\"},\"potentialAction\":[{\"@type\":\"SearchAction\",\"target\":{\"@type\":\"EntryPoint\",\"urlTemplate\":\"https:\\\/\\\/groupe-canopee.fr\\\/?s={search_term_string}\"},\"query-input\":{\"@type\":\"PropertyValueSpecification\",\"valueRequired\":true,\"valueName\":\"search_term_string\"}}],\"inLanguage\":\"en-GB\"},{\"@type\":\"Organization\",\"@id\":\"https:\\\/\\\/groupe-canopee.fr\\\/#organization\",\"name\":\"Groupe Canop\u00e9e\",\"url\":\"https:\\\/\\\/groupe-canopee.fr\\\/\",\"logo\":{\"@type\":\"ImageObject\",\"inLanguage\":\"en-GB\",\"@id\":\"https:\\\/\\\/groupe-canopee.fr\\\/#\\\/schema\\\/logo\\\/image\\\/\",\"url\":\"https:\\\/\\\/groupe-canopee.fr\\\/wp-content\\\/uploads\\\/2024\\\/11\\\/canopee-seule-696.jpg\",\"contentUrl\":\"https:\\\/\\\/groupe-canopee.fr\\\/wp-content\\\/uploads\\\/2024\\\/11\\\/canopee-seule-696.jpg\",\"width\":696,\"height\":696,\"caption\":\"Groupe Canop\u00e9e\"},\"image\":{\"@id\":\"https:\\\/\\\/groupe-canopee.fr\\\/#\\\/schema\\\/logo\\\/image\\\/\"},\"sameAs\":[\"https:\\\/\\\/fr.linkedin.com\\\/company\\\/canope-groupe\"]}]}<\/script>\n<!-- \/ Yoast SEO plugin. -->","yoast_head_json":{"title":"Transmission d\u2019entreprise : accompagnement et conseil - Groupe Canop\u00e9e","description":"Groupe Canop\u00e9e vous aide \u00e0 pr\u00e9parer la vente de votre entreprise en s\u00e9curisant la transmission. Nos experts vous accompagnent dans la recherche de repreneur, l'audit et la gestion des impacts fiscaux et patrimoniaux.","robots":{"index":"index","follow":"follow","max-snippet":"max-snippet:-1","max-image-preview":"max-image-preview:large","max-video-preview":"max-video-preview:-1"},"canonical":"https:\/\/groupe-canopee.fr\/en\/transmission-dentreprise\/","og_locale":"en_GB","og_type":"article","og_title":"Transmission d\u2019entreprise : accompagnement et conseil - Groupe Canop\u00e9e","og_description":"Groupe Canop\u00e9e vous aide \u00e0 pr\u00e9parer la vente de votre entreprise en s\u00e9curisant la transmission. Nos experts vous accompagnent dans la recherche de repreneur, l'audit et la gestion des impacts fiscaux et patrimoniaux.","og_url":"https:\/\/groupe-canopee.fr\/en\/transmission-dentreprise\/","og_site_name":"Groupe Canop\u00e9e","article_modified_time":"2024-11-29T14:08:56+00:00","og_image":[{"width":654,"height":588,"url":"https:\/\/groupe-canopee.fr\/wp-content\/uploads\/2024\/11\/transmission-entreprise.jpg","type":"image\/jpeg"}],"twitter_card":"summary_large_image","twitter_misc":{"Estimated reading time":"1 minute"},"schema":{"@context":"https:\/\/schema.org","@graph":[{"@type":"WebPage","@id":"https:\/\/groupe-canopee.fr\/transmission-dentreprise\/","url":"https:\/\/groupe-canopee.fr\/transmission-dentreprise\/","name":"Transmission d\u2019entreprise : accompagnement et conseil - Groupe Canop\u00e9e","isPartOf":{"@id":"https:\/\/groupe-canopee.fr\/#website"},"primaryImageOfPage":{"@id":"https:\/\/groupe-canopee.fr\/transmission-dentreprise\/#primaryimage"},"image":{"@id":"https:\/\/groupe-canopee.fr\/transmission-dentreprise\/#primaryimage"},"thumbnailUrl":"https:\/\/groupe-canopee.fr\/wp-content\/uploads\/2024\/11\/transmission-entreprise.jpg","datePublished":"2024-05-10T15:25:19+00:00","dateModified":"2024-11-29T14:08:56+00:00","description":"Groupe Canop\u00e9e vous aide \u00e0 pr\u00e9parer la vente de votre entreprise en s\u00e9curisant la transmission. Nos experts vous accompagnent dans la recherche de repreneur, l'audit et la gestion des impacts fiscaux et patrimoniaux.","breadcrumb":{"@id":"https:\/\/groupe-canopee.fr\/transmission-dentreprise\/#breadcrumb"},"inLanguage":"en-GB","potentialAction":[{"@type":"ReadAction","target":["https:\/\/groupe-canopee.fr\/transmission-dentreprise\/"]}]},{"@type":"ImageObject","inLanguage":"en-GB","@id":"https:\/\/groupe-canopee.fr\/transmission-dentreprise\/#primaryimage","url":"https:\/\/groupe-canopee.fr\/wp-content\/uploads\/2024\/11\/transmission-entreprise.jpg","contentUrl":"https:\/\/groupe-canopee.fr\/wp-content\/uploads\/2024\/11\/transmission-entreprise.jpg","width":654,"height":588},{"@type":"BreadcrumbList","@id":"https:\/\/groupe-canopee.fr\/transmission-dentreprise\/#breadcrumb","itemListElement":[{"@type":"ListItem","position":1,"name":"Accueil","item":"https:\/\/groupe-canopee.fr\/"},{"@type":"ListItem","position":2,"name":"Transmission d\u2019Entreprise"}]},{"@type":"WebSite","@id":"https:\/\/groupe-canopee.fr\/#website","url":"https:\/\/groupe-canopee.fr\/","name":"Groupe Canop\u00e9e","description":"Expertise comptable &amp; conseil","publisher":{"@id":"https:\/\/groupe-canopee.fr\/#organization"},"potentialAction":[{"@type":"SearchAction","target":{"@type":"EntryPoint","urlTemplate":"https:\/\/groupe-canopee.fr\/?s={search_term_string}"},"query-input":{"@type":"PropertyValueSpecification","valueRequired":true,"valueName":"search_term_string"}}],"inLanguage":"en-GB"},{"@type":"Organization","@id":"https:\/\/groupe-canopee.fr\/#organization","name":"Groupe Canop\u00e9e","url":"https:\/\/groupe-canopee.fr\/","logo":{"@type":"ImageObject","inLanguage":"en-GB","@id":"https:\/\/groupe-canopee.fr\/#\/schema\/logo\/image\/","url":"https:\/\/groupe-canopee.fr\/wp-content\/uploads\/2024\/11\/canopee-seule-696.jpg","contentUrl":"https:\/\/groupe-canopee.fr\/wp-content\/uploads\/2024\/11\/canopee-seule-696.jpg","width":696,"height":696,"caption":"Groupe Canop\u00e9e"},"image":{"@id":"https:\/\/groupe-canopee.fr\/#\/schema\/logo\/image\/"},"sameAs":["https:\/\/fr.linkedin.com\/company\/canope-groupe"]}]}},"_links":{"self":[{"href":"https:\/\/groupe-canopee.fr\/en\/wp-json\/wp\/v2\/pages\/29084","targetHints":{"allow":["GET"]}}],"collection":[{"href":"https:\/\/groupe-canopee.fr\/en\/wp-json\/wp\/v2\/pages"}],"about":[{"href":"https:\/\/groupe-canopee.fr\/en\/wp-json\/wp\/v2\/types\/page"}],"author":[{"embeddable":true,"href":"https:\/\/groupe-canopee.fr\/en\/wp-json\/wp\/v2\/users\/1"}],"replies":[{"embeddable":true,"href":"https:\/\/groupe-canopee.fr\/en\/wp-json\/wp\/v2\/comments?post=29084"}],"version-history":[{"count":1,"href":"https:\/\/groupe-canopee.fr\/en\/wp-json\/wp\/v2\/pages\/29084\/revisions"}],"predecessor-version":[{"id":31329,"href":"https:\/\/groupe-canopee.fr\/en\/wp-json\/wp\/v2\/pages\/29084\/revisions\/31329"}],"wp:featuredmedia":[{"embeddable":true,"href":"https:\/\/groupe-canopee.fr\/en\/wp-json\/wp\/v2\/media\/31328"}],"wp:attachment":[{"href":"https:\/\/groupe-canopee.fr\/en\/wp-json\/wp\/v2\/media?parent=29084"}],"curies":[{"name":"wp","href":"https:\/\/api.w.org\/{rel}","templated":true}]}}