{"id":29579,"date":"2020-04-07T13:28:30","date_gmt":"2020-04-07T12:28:30","guid":{"rendered":"https:\/\/the7.io\/business-advisors\/?page_id=2"},"modified":"2024-11-29T15:12:12","modified_gmt":"2024-11-29T14:12:12","slug":"recrutement","status":"publish","type":"page","link":"https:\/\/groupe-canopee.fr\/en\/recrutement\/","title":{"rendered":"Recrutement"},"content":{"rendered":"<div data-elementor-type=\"wp-page\" data-elementor-id=\"29579\" class=\"elementor elementor-29579\" data-elementor-post-type=\"page\">\n\t\t\t\t\t\t<section class=\"elementor-section elementor-top-section elementor-element elementor-element-7c0f459 elementor-section-height-min-height elementor-section-items-stretch elementor-section-content-top elementor-section-boxed elementor-section-height-default\" data-id=\"7c0f459\" data-element_type=\"section\" data-e-type=\"section\">\n\t\t\t\t\t\t<div class=\"elementor-container elementor-column-gap-wider\">\n\t\t\t\t\t<div class=\"elementor-column elementor-col-33 elementor-top-column elementor-element elementor-element-e397670\" data-id=\"e397670\" data-element_type=\"column\" data-e-type=\"column\">\n\t\t\t<div class=\"elementor-widget-wrap elementor-element-populated\">\n\t\t\t\t\t\t<div class=\"elementor-element elementor-element-e197bed content-align-center icon-position-top icon-vertical-align-center icon-box-vertical-align-top elementor-widget elementor-widget-the7_icon_box_widget\" data-id=\"e197bed\" data-element_type=\"widget\" data-e-type=\"widget\" data-widget_type=\"the7_icon_box_widget.default\">\n\t\t\t\t<div class=\"elementor-widget-container\">\n\t\t\t\t\t\n\t\t<a class=\"the7-box-wrapper the7-elementor-widget box-hover the7_icon_box_widget-e197bed\" href=\"tel:0478474727\">\t\t\t<div class=\"box-content-wrapper\">\n\t\t\t\t\t\t\t\t\t<div class=\"elementor-icon-div\">\t\t\t\t\t\t<div class=\"elementor-icon\">\n\t\t\t\t\t\t\t<i aria-hidden=\"true\" class=\"feather feather-phone\"><\/i>\t\t\t\t\t\t<\/div>\n\t\t\t\t\t<\/div>\t\t\t\t\t\t\t\t<div class=\"box-content\">\n\t\t\t\t\t\t\t\t\t\t\t\t\t\t\t\t\t<h4 class=\"box-heading\">\n\t\t\t\t\t\t\t\t\t\t\t\t\t\t\t04 78 47 47 27\t\t\t\t\t\t\t\t\t\t\t\t\t<\/h4>\n\t\t\t\t\t\t\t\t\t\t\t\t\t\t\t\t<div class=\"box-description\">Lundi au vendredi<br>\nDe 9h \u00e0 12h et de 14h \u00e0 18h\n<\/div>\n\t\t\t\t\t\n\t\t\t\t\t\n\t\t\t\t<\/div>\n\t\t\t<\/div>\n\t\t<\/a>\t\t\t\t\t<\/div>\n\t\t\t\t<\/div>\n\t\t\t\t\t<\/div>\n\t\t<\/div>\n\t\t\t\t<div class=\"elementor-column elementor-col-33 elementor-top-column elementor-element elementor-element-e2e0cf5\" data-id=\"e2e0cf5\" data-element_type=\"column\" data-e-type=\"column\">\n\t\t\t<div class=\"elementor-widget-wrap elementor-element-populated\">\n\t\t\t\t\t\t<div class=\"elementor-element elementor-element-a28cb48 content-align-center icon-position-top icon-vertical-align-center icon-box-vertical-align-top elementor-widget elementor-widget-the7_icon_box_widget\" data-id=\"a28cb48\" data-element_type=\"widget\" data-e-type=\"widget\" data-widget_type=\"the7_icon_box_widget.default\">\n\t\t\t\t<div class=\"elementor-widget-container\">\n\t\t\t\t\t\n\t\t<a class=\"the7-box-wrapper the7-elementor-widget box-hover the7_icon_box_widget-a28cb48\" href=\"mailto:contact@groupe-canopee.fr\">\t\t\t<div class=\"box-content-wrapper\">\n\t\t\t\t\t\t\t\t\t<div class=\"elementor-icon-div\">\t\t\t\t\t\t<div class=\"elementor-icon\">\n\t\t\t\t\t\t\t<i aria-hidden=\"true\" class=\"feather feather-mail\"><\/i>\t\t\t\t\t\t<\/div>\n\t\t\t\t\t<\/div>\t\t\t\t\t\t\t\t<div class=\"box-content\">\n\t\t\t\t\t\t\t\t\t\t\t\t\t\t\t\t\t<h4 class=\"box-heading\">\n\t\t\t\t\t\t\t\t\t\t\t\t\t\t\tcontact@groupe-canopee.fr\t\t\t\t\t\t\t\t\t\t\t\t\t<\/h4>\n\t\t\t\t\t\t\t\t\t\t\t\t\t\t\t\t<div class=\"box-description\">Candidature spontan\u00e9e<\/div>\n\t\t\t\t\t\n\t\t\t\t\t\n\t\t\t\t<\/div>\n\t\t\t<\/div>\n\t\t<\/a>\t\t\t\t\t<\/div>\n\t\t\t\t<\/div>\n\t\t\t\t\t<\/div>\n\t\t<\/div>\n\t\t\t\t<div class=\"elementor-column elementor-col-33 elementor-top-column elementor-element elementor-element-52a3400\" data-id=\"52a3400\" data-element_type=\"column\" data-e-type=\"column\">\n\t\t\t<div class=\"elementor-widget-wrap elementor-element-populated\">\n\t\t\t\t\t\t<div class=\"elementor-element elementor-element-018d193 content-align-center icon-position-top icon-vertical-align-center icon-box-vertical-align-top elementor-widget elementor-widget-the7_icon_box_widget\" data-id=\"018d193\" data-element_type=\"widget\" data-e-type=\"widget\" data-widget_type=\"the7_icon_box_widget.default\">\n\t\t\t\t<div class=\"elementor-widget-container\">\n\t\t\t\t\t\n\t\t<div class=\"the7-box-wrapper the7-elementor-widget the7_icon_box_widget-018d193\">\t\t\t<div class=\"box-content-wrapper\">\n\t\t\t\t\t\t\t\t\t<a class=\"elementor-icon-div\" href=\"https:\/\/maps.app.goo.gl\/tWpzfbA7yayMCG9JA\">\t\t\t\t\t\t<div class=\"elementor-icon\">\n\t\t\t\t\t\t\t<i aria-hidden=\"true\" class=\"feather feather-map-pin\"><\/i>\t\t\t\t\t\t<\/div>\n\t\t\t\t\t<\/a>\t\t\t\t\t\t\t\t<div class=\"box-content\">\n\t\t\t\t\t\t\t\t\t\t\t\t\t\t\t\t\t<h4 class=\"box-heading\">\n\t\t\t\t\t\t\t<a href=\"https:\/\/maps.app.goo.gl\/tWpzfbA7yayMCG9JA\">\t\t\t\t\t\t\t\tParc d\u2019activit\u00e9s Greenopolis<br>8 Rue Berjon, 69009 LYON\t\t\t\t\t\t\t<\/a>\t\t\t\t\t\t<\/h4>\n\t\t\t\t\t\t\t\t\t\t\t\t\t\t\t\t<div class=\"box-description\">Si\u00e8ge social<\/div>\n\t\t\t\t\t\n\t\t\t\t\t\n\t\t\t\t<\/div>\n\t\t\t<\/div>\n\t\t<\/div>\t\t\t\t\t<\/div>\n\t\t\t\t<\/div>\n\t\t\t\t\t<\/div>\n\t\t<\/div>\n\t\t\t\t\t<\/div>\n\t\t<\/section>\n\t\t<div class=\"elementor-element elementor-element-31446bd9 e-flex e-con-boxed e-con e-parent\" data-id=\"31446bd9\" data-element_type=\"container\" data-e-type=\"container\">\n\t\t\t\t\t<div class=\"e-con-inner\">\n\t\t\t\t<div class=\"elementor-element elementor-element-6350623c elementor-widget elementor-widget-heading\" data-id=\"6350623c\" data-element_type=\"widget\" data-e-type=\"widget\" data-widget_type=\"heading.default\">\n\t\t\t\t<div class=\"elementor-widget-container\">\n\t\t\t\t\t<h2 class=\"elementor-heading-title elementor-size-default\">Vous souhaitez nous rejoindre\u00a0?<\/h2>\t\t\t\t<\/div>\n\t\t\t\t<\/div>\n\t\t\t\t<div class=\"elementor-element elementor-element-5e77e2d9 elementor-widget elementor-widget-spacer\" data-id=\"5e77e2d9\" data-element_type=\"widget\" data-e-type=\"widget\" data-widget_type=\"spacer.default\">\n\t\t\t\t<div class=\"elementor-widget-container\">\n\t\t\t\t\t\t\t<div class=\"elementor-spacer\">\n\t\t\t<div class=\"elementor-spacer-inner\"><\/div>\n\t\t<\/div>\n\t\t\t\t\t\t<\/div>\n\t\t\t\t<\/div>\n\t\t\t\t<div class=\"elementor-element elementor-element-481a803e elementor-widget elementor-widget-text-editor\" data-id=\"481a803e\" data-element_type=\"widget\" data-e-type=\"widget\" data-widget_type=\"text-editor.default\">\n\t\t\t\t<div class=\"elementor-widget-container\">\n\t\t\t\t\t\t\t\t\t<div class=\"elementor-element elementor-element-046a024 elementor-widget elementor-widget-text-editor\" data-id=\"046a024\" data-element_type=\"widget\" data-widget_type=\"text-editor.default\"><div class=\"elementor-widget-container\"><p>\u00c0 taille humaine et ind\u00e9pendant, notre cabinet d\u00e9fend ses valeurs et ses convictions pour un exercice engag\u00e9 de la profession.<br \/>Remplissez le formulaire ci-dessous, pour poser votre candidature et nous vous contacterons dans les plus brefs d\u00e9lais.<\/p><\/div><\/div><div class=\"elementor-element elementor-element-ae4db8d elementor-widget elementor-widget-spacer\" data-id=\"ae4db8d\" data-element_type=\"widget\" data-widget_type=\"spacer.default\"><div class=\"elementor-widget-container\"><div class=\"elementor-spacer\">\u00a0<\/div><\/div><\/div>\t\t\t\t\t\t\t\t<\/div>\n\t\t\t\t<\/div>\n\t\t\t\t<div class=\"elementor-element elementor-element-36fba0de elementor-widget-divider--view-line elementor-widget elementor-widget-divider\" data-id=\"36fba0de\" data-element_type=\"widget\" data-e-type=\"widget\" data-widget_type=\"divider.default\">\n\t\t\t\t<div class=\"elementor-widget-container\">\n\t\t\t\t\t\t\t<div class=\"elementor-divider\">\n\t\t\t<span class=\"elementor-divider-separator\">\n\t\t\t\t\t\t<\/span>\n\t\t<\/div>\n\t\t\t\t\t\t<\/div>\n\t\t\t\t<\/div>\n\t\t\t\t\t<\/div>\n\t\t\t\t<\/div>\n\t\t<div class=\"elementor-element elementor-element-2542edeb e-flex e-con-boxed e-con e-parent\" data-id=\"2542edeb\" data-element_type=\"container\" data-e-type=\"container\">\n\t\t\t\t\t<div class=\"e-con-inner\">\n\t\t<div class=\"elementor-element elementor-element-262ba71a e-con-full e-flex e-con e-child\" data-id=\"262ba71a\" data-element_type=\"container\" data-e-type=\"container\">\n\t\t\t\t<\/div>\n\t\t<div class=\"elementor-element elementor-element-b96c9e e-con-full e-flex e-con e-child\" data-id=\"b96c9e\" data-element_type=\"container\" data-e-type=\"container\">\n\t\t\t\t<div class=\"elementor-element elementor-element-1045a5c8 elementor-widget elementor-widget-shortcode\" data-id=\"1045a5c8\" data-element_type=\"widget\" data-e-type=\"widget\" data-widget_type=\"shortcode.default\">\n\t\t\t\t<div class=\"elementor-widget-container\">\n\t\t\t\t\t\t\t<div class=\"elementor-shortcode\">\n<div class=\"wpcf7 no-js\" id=\"wpcf7-f29365-o1\" lang=\"fr-FR\" dir=\"ltr\" data-wpcf7-id=\"29365\">\n<div class=\"screen-reader-response\"><p role=\"status\" aria-live=\"polite\" aria-atomic=\"true\"><\/p> <ul><\/ul><\/div>\n<form action=\"\/en\/wp-json\/wp\/v2\/pages\/29579#wpcf7-f29365-o1\" method=\"post\" class=\"wpcf7-form init\" aria-label=\"Formulaire de contact\" enctype=\"multipart\/form-data\" novalidate=\"novalidate\" data-status=\"init\" data-trp-original-action=\"\/en\/wp-json\/wp\/v2\/pages\/29579#wpcf7-f29365-o1\">\n<fieldset class=\"hidden-fields-container\"><input type=\"hidden\" name=\"_wpcf7\" value=\"29365\" \/><input type=\"hidden\" name=\"_wpcf7_version\" value=\"6.1.5\" \/><input type=\"hidden\" name=\"_wpcf7_locale\" value=\"fr_FR\" \/><input type=\"hidden\" name=\"_wpcf7_unit_tag\" value=\"wpcf7-f29365-o1\" \/><input type=\"hidden\" name=\"_wpcf7_container_post\" value=\"0\" \/><input type=\"hidden\" name=\"_wpcf7_posted_data_hash\" value=\"\" \/><input type=\"hidden\" name=\"_wpcf7_recaptcha_response\" value=\"\" \/>\n<\/fieldset>\n<div>\n\t<p style=\"font-size: 14px\">Les champs accompagn\u00e9s d\u2019un ast\u00e9risque<sup>(*)<\/sup> sont obligatoires.\n\t<\/p>\n<\/div>\n<div class=\"col1form\">\n\t<div class=\"col2form\">\n\t\t<p><label>Nom<sup>*<\/sup><br \/>\n<span class=\"wpcf7-form-control-wrap\" data-name=\"your-name\"><input size=\"40\" maxlength=\"400\" class=\"wpcf7-form-control wpcf7-text wpcf7-validates-as-required\" autocomplete=\"name\" aria-required=\"true\" aria-invalid=\"false\" placeholder=\"Renseignez votre nom...\" value=\"\" type=\"text\" name=\"your-name\" \/><\/span> <\/label>\n\t\t<\/p>\n\t<\/div>\n\t<div class=\"col2form\">\n\t\t<p><label>Pr\u00e9nom<sup>*<\/sup><br \/>\n<span class=\"wpcf7-form-control-wrap\" data-name=\"your-firstname\"><input size=\"40\" maxlength=\"400\" class=\"wpcf7-form-control wpcf7-text wpcf7-validates-as-required\" autocomplete=\"prename\" aria-required=\"true\" aria-invalid=\"false\" placeholder=\"Renseignez votre pr\u00e9nom...\" value=\"\" type=\"text\" name=\"your-firstname\" \/><\/span> <\/label>\n\t\t<\/p>\n\t<\/div>\n<\/div>\n<div class=\"col1form\">\n\t<div class=\"col2form\">\n\t\t<p><label>E-mail<sup>*<\/sup><br \/>\n<span class=\"wpcf7-form-control-wrap\" data-name=\"your-email\"><input size=\"40\" maxlength=\"400\" class=\"wpcf7-form-control wpcf7-email wpcf7-validates-as-required wpcf7-text wpcf7-validates-as-email\" autocomplete=\"email\" aria-required=\"true\" aria-invalid=\"false\" placeholder=\"Renseignez votre e-mail...\" value=\"\" type=\"email\" name=\"your-email\" \/><\/span> <\/label>\n\t\t<\/p>\n\t<\/div>\n\t<div class=\"col2form\">\n\t\t<p><label>T\u00e9l\u00e9phone<sup>*<\/sup><br \/>\n<span class=\"wpcf7-form-control-wrap\" data-name=\"tel-157\"><input size=\"40\" maxlength=\"400\" class=\"wpcf7-form-control wpcf7-tel wpcf7-validates-as-required wpcf7-text wpcf7-validates-as-tel\" aria-required=\"true\" aria-invalid=\"false\" placeholder=\"Renseignez votre t\u00e9l\u00e9phone...\" value=\"\" type=\"tel\" name=\"tel-157\" \/><\/span> <\/label>\n\t\t<\/p>\n\t<\/div>\n<\/div>\n<p><label> Poste souhait\u00e9<br \/>\n<span class=\"wpcf7-form-control-wrap\" data-name=\"your-subject\"><input size=\"40\" maxlength=\"400\" class=\"wpcf7-form-control wpcf7-text wpcf7-validates-as-required\" aria-required=\"true\" aria-invalid=\"false\" value=\"\" type=\"text\" name=\"your-subject\" \/><\/span> <\/label>\n<\/p>\n<div class=\"finform\">\n\t<p><label> Votre message<sup>*<\/sup><br \/>\n<span class=\"wpcf7-form-control-wrap\" data-name=\"your-message\"><textarea cols=\"40\" rows=\"5\" maxlength=\"2000\" class=\"wpcf7-form-control wpcf7-textarea wpcf7-validates-as-required\" aria-required=\"true\" aria-invalid=\"false\" placeholder=\"R\u00e9digez votre demande...\" name=\"your-message\"><\/textarea><\/span> <\/label><br \/>\n<label> Ins\u00e9rer une Pi\u00e8ce jointe (facultatif)<br \/>\n<span class=\"wpcf7-form-control-wrap\" data-name=\"file-2\"><input size=\"40\" class=\"wpcf7-form-control wpcf7-file\" accept=\"audio\/*,video\/*,image\/*\" aria-invalid=\"false\" type=\"file\" name=\"file-2\" \/><\/span> <\/label>\n\t<\/p>\n<\/div>\n<div class=\"rgpdfinform\">\n\t<p style=\"font-size: 13px\"><span class=\"wpcf7-form-control-wrap\" data-name=\"checkbox-238\"><span class=\"wpcf7-form-control wpcf7-checkbox\"><span class=\"wpcf7-list-item first last\"><label><input type=\"checkbox\" name=\"checkbox-238[]\" value=\"En soumettant ce formulaire, j&#039;accepte que les informations saisies soient trait\u00e9es par Groupe Canop\u00e9e dans le cadre de ma demande de contact et de la relation commerciale qui peut en d\u00e9couler.\" \/><span class=\"wpcf7-list-item-label\">En soumettant ce formulaire, j&#039;accepte que les informations saisies soient trait\u00e9es par Groupe Canop\u00e9e dans le cadre de ma demande de contact et de la relation commerciale qui peut en d\u00e9couler.<\/span><\/label><\/span><\/span><\/span>\n\t<\/p>\n<\/div>\n<p><input class=\"wpcf7-form-control wpcf7-submit has-spinner\" type=\"submit\" value=\"Envoyer ma candidature\" \/>\n<\/p><div class=\"wpcf7-response-output\" aria-hidden=\"true\"><\/div>\n<input type=\"hidden\" name=\"trp-form-language\" value=\"en\"\/><\/form>\n<\/div>\n<\/div>\n\t\t\t\t\t\t<\/div>\n\t\t\t\t<\/div>\n\t\t\t\t<\/div>\n\t\t<div class=\"elementor-element elementor-element-6bb4d7a0 e-con-full e-flex e-con e-child\" data-id=\"6bb4d7a0\" data-element_type=\"container\" data-e-type=\"container\">\n\t\t\t\t<\/div>\n\t\t\t\t\t<\/div>\n\t\t\t\t<\/div>\n\t\t\t\t<\/div>","protected":false},"excerpt":{"rendered":"<p>04 78 47 47 27 Lundi au vendredi De 9h \u00e0 12h et de 14h \u00e0 18h contact@groupe-canopee.fr Candidature spontan\u00e9e Parc d\u2019activit\u00e9s Greenopolis8 Rue Berjon, 69009 LYON Si\u00e8ge social Vous souhaitez nous rejoindre\u00a0? \u00c0 taille humaine et ind\u00e9pendant, notre cabinet d\u00e9fend ses valeurs et ses convictions pour un exercice engag\u00e9 de la profession.Remplissez le formulaire&hellip;<\/p>","protected":false},"author":1,"featured_media":30483,"parent":0,"menu_order":12,"comment_status":"closed","ping_status":"closed","template":"","meta":{"footnotes":""},"class_list":["post-29579","page","type-page","status-publish","has-post-thumbnail","hentry"],"yoast_head":"<!-- This site is optimized with the Yoast SEO plugin v27.4 - https:\/\/yoast.com\/product\/yoast-seo-wordpress\/ -->\n<title>Recrutement rejoignez Groupe Canop\u00e9e - Opportunit\u00e9s \u00e0 Lyon<\/title>\n<meta name=\"description\" content=\"Postulez pour rejoindre Groupe Canop\u00e9e \u00e0 Lyon. Nous recherchons des talents passionn\u00e9s par l&#039;expertise comptable et le conseil pour des postes stimulants. Envoyez votre candidature d\u00e8s maintenant.\" \/>\n<meta name=\"robots\" content=\"index, follow, max-snippet:-1, max-image-preview:large, max-video-preview:-1\" \/>\n<link rel=\"canonical\" href=\"https:\/\/groupe-canopee.fr\/en\/recrutement\/\" \/>\n<meta property=\"og:locale\" content=\"en_GB\" \/>\n<meta property=\"og:type\" content=\"article\" \/>\n<meta property=\"og:title\" content=\"Recrutement rejoignez Groupe Canop\u00e9e - Opportunit\u00e9s \u00e0 Lyon\" \/>\n<meta property=\"og:description\" content=\"Postulez pour rejoindre Groupe Canop\u00e9e \u00e0 Lyon. Nous recherchons des talents passionn\u00e9s par l&#039;expertise comptable et le conseil pour des postes stimulants. Envoyez votre candidature d\u00e8s maintenant.\" \/>\n<meta property=\"og:url\" content=\"https:\/\/groupe-canopee.fr\/en\/recrutement\/\" \/>\n<meta property=\"og:site_name\" content=\"Groupe Canop\u00e9e\" \/>\n<meta property=\"article:modified_time\" content=\"2024-11-29T14:12:12+00:00\" \/>\n<meta property=\"og:image\" content=\"https:\/\/groupe-canopee.fr\/wp-content\/uploads\/2021\/09\/lyon-hotel-dieu-scaled.jpg\" \/>\n\t<meta property=\"og:image:width\" content=\"2560\" \/>\n\t<meta property=\"og:image:height\" content=\"1920\" \/>\n\t<meta property=\"og:image:type\" content=\"image\/jpeg\" \/>\n<meta name=\"twitter:card\" content=\"summary_large_image\" \/>\n<meta name=\"twitter:label1\" content=\"Estimated reading time\" \/>\n\t<meta name=\"twitter:data1\" content=\"1 minute\" \/>\n<script type=\"application\/ld+json\" class=\"yoast-schema-graph\">{\"@context\":\"https:\\\/\\\/schema.org\",\"@graph\":[{\"@type\":\"WebPage\",\"@id\":\"https:\\\/\\\/groupe-canopee.fr\\\/recrutement\\\/\",\"url\":\"https:\\\/\\\/groupe-canopee.fr\\\/recrutement\\\/\",\"name\":\"Recrutement rejoignez Groupe Canop\u00e9e - Opportunit\u00e9s \u00e0 Lyon\",\"isPartOf\":{\"@id\":\"https:\\\/\\\/groupe-canopee.fr\\\/#website\"},\"primaryImageOfPage\":{\"@id\":\"https:\\\/\\\/groupe-canopee.fr\\\/recrutement\\\/#primaryimage\"},\"image\":{\"@id\":\"https:\\\/\\\/groupe-canopee.fr\\\/recrutement\\\/#primaryimage\"},\"thumbnailUrl\":\"https:\\\/\\\/groupe-canopee.fr\\\/wp-content\\\/uploads\\\/2021\\\/09\\\/lyon-hotel-dieu-scaled.jpg\",\"datePublished\":\"2020-04-07T12:28:30+00:00\",\"dateModified\":\"2024-11-29T14:12:12+00:00\",\"description\":\"Postulez pour rejoindre Groupe Canop\u00e9e \u00e0 Lyon. Nous recherchons des talents passionn\u00e9s par l'expertise comptable et le conseil pour des postes stimulants. Envoyez votre candidature d\u00e8s maintenant.\",\"breadcrumb\":{\"@id\":\"https:\\\/\\\/groupe-canopee.fr\\\/recrutement\\\/#breadcrumb\"},\"inLanguage\":\"en-GB\",\"potentialAction\":[{\"@type\":\"ReadAction\",\"target\":[\"https:\\\/\\\/groupe-canopee.fr\\\/recrutement\\\/\"]}]},{\"@type\":\"ImageObject\",\"inLanguage\":\"en-GB\",\"@id\":\"https:\\\/\\\/groupe-canopee.fr\\\/recrutement\\\/#primaryimage\",\"url\":\"https:\\\/\\\/groupe-canopee.fr\\\/wp-content\\\/uploads\\\/2021\\\/09\\\/lyon-hotel-dieu-scaled.jpg\",\"contentUrl\":\"https:\\\/\\\/groupe-canopee.fr\\\/wp-content\\\/uploads\\\/2021\\\/09\\\/lyon-hotel-dieu-scaled.jpg\",\"width\":2560,\"height\":1920},{\"@type\":\"BreadcrumbList\",\"@id\":\"https:\\\/\\\/groupe-canopee.fr\\\/recrutement\\\/#breadcrumb\",\"itemListElement\":[{\"@type\":\"ListItem\",\"position\":1,\"name\":\"Accueil\",\"item\":\"https:\\\/\\\/groupe-canopee.fr\\\/\"},{\"@type\":\"ListItem\",\"position\":2,\"name\":\"Recrutement\"}]},{\"@type\":\"WebSite\",\"@id\":\"https:\\\/\\\/groupe-canopee.fr\\\/#website\",\"url\":\"https:\\\/\\\/groupe-canopee.fr\\\/\",\"name\":\"Groupe Canop\u00e9e\",\"description\":\"Expertise comptable &amp; conseil\",\"publisher\":{\"@id\":\"https:\\\/\\\/groupe-canopee.fr\\\/#organization\"},\"potentialAction\":[{\"@type\":\"SearchAction\",\"target\":{\"@type\":\"EntryPoint\",\"urlTemplate\":\"https:\\\/\\\/groupe-canopee.fr\\\/?s={search_term_string}\"},\"query-input\":{\"@type\":\"PropertyValueSpecification\",\"valueRequired\":true,\"valueName\":\"search_term_string\"}}],\"inLanguage\":\"en-GB\"},{\"@type\":\"Organization\",\"@id\":\"https:\\\/\\\/groupe-canopee.fr\\\/#organization\",\"name\":\"Groupe Canop\u00e9e\",\"url\":\"https:\\\/\\\/groupe-canopee.fr\\\/\",\"logo\":{\"@type\":\"ImageObject\",\"inLanguage\":\"en-GB\",\"@id\":\"https:\\\/\\\/groupe-canopee.fr\\\/#\\\/schema\\\/logo\\\/image\\\/\",\"url\":\"https:\\\/\\\/groupe-canopee.fr\\\/wp-content\\\/uploads\\\/2024\\\/11\\\/canopee-seule-696.jpg\",\"contentUrl\":\"https:\\\/\\\/groupe-canopee.fr\\\/wp-content\\\/uploads\\\/2024\\\/11\\\/canopee-seule-696.jpg\",\"width\":696,\"height\":696,\"caption\":\"Groupe Canop\u00e9e\"},\"image\":{\"@id\":\"https:\\\/\\\/groupe-canopee.fr\\\/#\\\/schema\\\/logo\\\/image\\\/\"},\"sameAs\":[\"https:\\\/\\\/fr.linkedin.com\\\/company\\\/canope-groupe\"]}]}<\/script>\n<!-- \/ Yoast SEO plugin. -->","yoast_head_json":{"title":"Recrutement rejoignez Groupe Canop\u00e9e - Opportunit\u00e9s \u00e0 Lyon","description":"Postulez pour rejoindre Groupe Canop\u00e9e \u00e0 Lyon. Nous recherchons des talents passionn\u00e9s par l'expertise comptable et le conseil pour des postes stimulants. Envoyez votre candidature d\u00e8s maintenant.","robots":{"index":"index","follow":"follow","max-snippet":"max-snippet:-1","max-image-preview":"max-image-preview:large","max-video-preview":"max-video-preview:-1"},"canonical":"https:\/\/groupe-canopee.fr\/en\/recrutement\/","og_locale":"en_GB","og_type":"article","og_title":"Recrutement rejoignez Groupe Canop\u00e9e - Opportunit\u00e9s \u00e0 Lyon","og_description":"Postulez pour rejoindre Groupe Canop\u00e9e \u00e0 Lyon. Nous recherchons des talents passionn\u00e9s par l'expertise comptable et le conseil pour des postes stimulants. Envoyez votre candidature d\u00e8s maintenant.","og_url":"https:\/\/groupe-canopee.fr\/en\/recrutement\/","og_site_name":"Groupe Canop\u00e9e","article_modified_time":"2024-11-29T14:12:12+00:00","og_image":[{"width":2560,"height":1920,"url":"https:\/\/groupe-canopee.fr\/wp-content\/uploads\/2021\/09\/lyon-hotel-dieu-scaled.jpg","type":"image\/jpeg"}],"twitter_card":"summary_large_image","twitter_misc":{"Estimated reading time":"1 minute"},"schema":{"@context":"https:\/\/schema.org","@graph":[{"@type":"WebPage","@id":"https:\/\/groupe-canopee.fr\/recrutement\/","url":"https:\/\/groupe-canopee.fr\/recrutement\/","name":"Recrutement rejoignez Groupe Canop\u00e9e - Opportunit\u00e9s \u00e0 Lyon","isPartOf":{"@id":"https:\/\/groupe-canopee.fr\/#website"},"primaryImageOfPage":{"@id":"https:\/\/groupe-canopee.fr\/recrutement\/#primaryimage"},"image":{"@id":"https:\/\/groupe-canopee.fr\/recrutement\/#primaryimage"},"thumbnailUrl":"https:\/\/groupe-canopee.fr\/wp-content\/uploads\/2021\/09\/lyon-hotel-dieu-scaled.jpg","datePublished":"2020-04-07T12:28:30+00:00","dateModified":"2024-11-29T14:12:12+00:00","description":"Postulez pour rejoindre Groupe Canop\u00e9e \u00e0 Lyon. Nous recherchons des talents passionn\u00e9s par l'expertise comptable et le conseil pour des postes stimulants. Envoyez votre candidature d\u00e8s maintenant.","breadcrumb":{"@id":"https:\/\/groupe-canopee.fr\/recrutement\/#breadcrumb"},"inLanguage":"en-GB","potentialAction":[{"@type":"ReadAction","target":["https:\/\/groupe-canopee.fr\/recrutement\/"]}]},{"@type":"ImageObject","inLanguage":"en-GB","@id":"https:\/\/groupe-canopee.fr\/recrutement\/#primaryimage","url":"https:\/\/groupe-canopee.fr\/wp-content\/uploads\/2021\/09\/lyon-hotel-dieu-scaled.jpg","contentUrl":"https:\/\/groupe-canopee.fr\/wp-content\/uploads\/2021\/09\/lyon-hotel-dieu-scaled.jpg","width":2560,"height":1920},{"@type":"BreadcrumbList","@id":"https:\/\/groupe-canopee.fr\/recrutement\/#breadcrumb","itemListElement":[{"@type":"ListItem","position":1,"name":"Accueil","item":"https:\/\/groupe-canopee.fr\/"},{"@type":"ListItem","position":2,"name":"Recrutement"}]},{"@type":"WebSite","@id":"https:\/\/groupe-canopee.fr\/#website","url":"https:\/\/groupe-canopee.fr\/","name":"Groupe Canop\u00e9e","description":"Expertise comptable &amp; conseil","publisher":{"@id":"https:\/\/groupe-canopee.fr\/#organization"},"potentialAction":[{"@type":"SearchAction","target":{"@type":"EntryPoint","urlTemplate":"https:\/\/groupe-canopee.fr\/?s={search_term_string}"},"query-input":{"@type":"PropertyValueSpecification","valueRequired":true,"valueName":"search_term_string"}}],"inLanguage":"en-GB"},{"@type":"Organization","@id":"https:\/\/groupe-canopee.fr\/#organization","name":"Groupe Canop\u00e9e","url":"https:\/\/groupe-canopee.fr\/","logo":{"@type":"ImageObject","inLanguage":"en-GB","@id":"https:\/\/groupe-canopee.fr\/#\/schema\/logo\/image\/","url":"https:\/\/groupe-canopee.fr\/wp-content\/uploads\/2024\/11\/canopee-seule-696.jpg","contentUrl":"https:\/\/groupe-canopee.fr\/wp-content\/uploads\/2024\/11\/canopee-seule-696.jpg","width":696,"height":696,"caption":"Groupe Canop\u00e9e"},"image":{"@id":"https:\/\/groupe-canopee.fr\/#\/schema\/logo\/image\/"},"sameAs":["https:\/\/fr.linkedin.com\/company\/canope-groupe"]}]}},"_links":{"self":[{"href":"https:\/\/groupe-canopee.fr\/en\/wp-json\/wp\/v2\/pages\/29579","targetHints":{"allow":["GET"]}}],"collection":[{"href":"https:\/\/groupe-canopee.fr\/en\/wp-json\/wp\/v2\/pages"}],"about":[{"href":"https:\/\/groupe-canopee.fr\/en\/wp-json\/wp\/v2\/types\/page"}],"author":[{"embeddable":true,"href":"https:\/\/groupe-canopee.fr\/en\/wp-json\/wp\/v2\/users\/1"}],"replies":[{"embeddable":true,"href":"https:\/\/groupe-canopee.fr\/en\/wp-json\/wp\/v2\/comments?post=29579"}],"version-history":[{"count":1,"href":"https:\/\/groupe-canopee.fr\/en\/wp-json\/wp\/v2\/pages\/29579\/revisions"}],"predecessor-version":[{"id":31564,"href":"https:\/\/groupe-canopee.fr\/en\/wp-json\/wp\/v2\/pages\/29579\/revisions\/31564"}],"wp:featuredmedia":[{"embeddable":true,"href":"https:\/\/groupe-canopee.fr\/en\/wp-json\/wp\/v2\/media\/30483"}],"wp:attachment":[{"href":"https:\/\/groupe-canopee.fr\/en\/wp-json\/wp\/v2\/media?parent=29579"}],"curies":[{"name":"wp","href":"https:\/\/api.w.org\/{rel}","templated":true}]}}